{"id":4481,"date":"2025-07-23T15:38:48","date_gmt":"2025-07-23T13:38:48","guid":{"rendered":"https:\/\/most-biznesu.eu\/?page_id=4481"},"modified":"2026-03-17T07:52:49","modified_gmt":"2026-03-17T06:52:49","slug":"kontakt","status":"publish","type":"page","link":"https:\/\/most-biznesu.eu\/ru\/kontakt\/","title":{"rendered":"\u041a\u043e\u043d\u0442\u0430\u043a\u0442"},"content":{"rendered":"\t\t<div data-elementor-type=\"wp-page\" data-elementor-id=\"4481\" class=\"elementor elementor-4481 elementor-4280\">\n\t\t\t\t<div class=\"elementor-element elementor-element-a52e27f e-flex e-con-boxed e-con e-parent\" data-id=\"a52e27f\" data-element_type=\"container\" data-settings=\"{&quot;jet_parallax_layout_list&quot;:[]}\">\n\t\t\t\t\t<div class=\"e-con-inner\">\n\t\t\t\t\t<\/div>\n\t\t\t\t<\/div>\n\t\t<div class=\"elementor-element elementor-element-73b5a8f e-flex e-con-boxed e-con e-parent\" data-id=\"73b5a8f\" data-element_type=\"container\" data-settings=\"{&quot;jet_parallax_layout_list&quot;:[],&quot;background_background&quot;:&quot;classic&quot;}\">\n\t\t\t\t\t<div class=\"e-con-inner\">\n\t\t<div class=\"elementor-element elementor-element-126900f e-con-full e-flex e-con e-child\" data-id=\"126900f\" data-element_type=\"container\" data-settings=\"{&quot;jet_parallax_layout_list&quot;:[]}\">\n\t\t\t\t<div class=\"elementor-element elementor-element-93645ac elementor-widget elementor-widget-google_maps\" data-id=\"93645ac\" data-element_type=\"widget\" data-widget_type=\"google_maps.default\">\n\t\t\t\t<div class=\"elementor-widget-container\">\n\t\t\t\t\t\t\t<div class=\"elementor-custom-embed\">\n\t\t\t<iframe loading=\"lazy\"\n\t\t\t\t\tsrc=\"https:\/\/maps.google.com\/maps?q=Most%20Biznesu%20ul.%20Ko%C5%82%C5%82%C4%85taja%203%2F15%2C%2020-006%20Lublin&#038;t=m&#038;z=13&#038;output=embed&#038;iwloc=near\"\n\t\t\t\t\ttitle=\"Most Biznesu ul. Ko\u0142\u0142\u0105taja 3\/15, 20-006 Lublin\"\n\t\t\t\t\taria-label=\"Most Biznesu ul. Ko\u0142\u0142\u0105taja 3\/15, 20-006 Lublin\"\n\t\t\t><\/iframe>\n\t\t<\/div>\n\t\t\t\t\t\t<\/div>\n\t\t\t\t<\/div>\n\t\t\t\t<\/div>\n\t\t<div class=\"elementor-element elementor-element-1db1a53 e-con-full e-flex e-con e-child\" data-id=\"1db1a53\" data-element_type=\"container\" data-settings=\"{&quot;jet_parallax_layout_list&quot;:[]}\">\n\t\t\t\t<div class=\"elementor-element elementor-element-539f9b9 elementor-widget elementor-widget-heading\" data-id=\"539f9b9\" data-element_type=\"widget\" data-widget_type=\"heading.default\">\n\t\t\t\t<div class=\"elementor-widget-container\">\n\t\t\t\t\t<div class=\"elementor-heading-title elementor-size-default\">Most Biznesu<\/div>\t\t\t\t<\/div>\n\t\t\t\t<\/div>\n\t\t\t\t<div class=\"elementor-element elementor-element-a7165f2 elementor-widget elementor-widget-text-editor\" data-id=\"a7165f2\" data-element_type=\"widget\" data-widget_type=\"text-editor.default\">\n\t\t\t\t<div class=\"elementor-widget-container\">\n\t\t\t\t\t\t\t\t\t<p style=\"text-align: left;\"><strong>Most Biznesu sp. z o. o.<\/strong><br \/>NIP: 7123506427<br \/>REGON: 543688390<br \/>KRS: 0001216079<\/p>\t\t\t\t\t\t\t\t<\/div>\n\t\t\t\t<\/div>\n\t\t\t\t<div class=\"elementor-element elementor-element-f7794ee elementor-icon-list--layout-inline elementor-list-item-link-full_width elementor-widget elementor-widget-icon-list\" data-id=\"f7794ee\" data-element_type=\"widget\" data-widget_type=\"icon-list.default\">\n\t\t\t\t<div class=\"elementor-widget-container\">\n\t\t\t\t\t\t\t<ul class=\"elementor-icon-list-items elementor-inline-items\">\n\t\t\t\t\t\t\t<li class=\"elementor-icon-list-item elementor-inline-item\">\n\t\t\t\t\t\t\t\t\t\t\t<a href=\"tel:+48884215759\">\n\n\t\t\t\t\t\t\t\t\t\t\t\t<span class=\"elementor-icon-list-icon\">\n\t\t\t\t\t\t\t<svg xmlns=\"http:\/\/www.w3.org\/2000\/svg\" xmlns:xlink=\"http:\/\/www.w3.org\/1999\/xlink\" width=\"20\" height=\"20\" viewBox=\"0 0 20 20\"><image id=\"icon-tel-1\" width=\"20\" height=\"20\" xlink:href=\"data:img\/png;base64,iVBORw0KGgoAAAANSUhEUgAAABQAAAAUCAYAAACNiR0NAAADaElEQVQ4jYzHMQ0AIBAEwTmhFHiiRgZeMIGFJzhgm8nG2DDRCYo8LVUN581XiQsAAP\/\/hM5BDYAwAASwXjJJqMDErE0HFrDD\/3hMwAw0HViSqX3xSaIdklvyaK8jtgPgBwAA\/\/8CaYxnYGB4yMDIaIamYB\/D\/\/+ORLns\/38IzcjIAAAAAP\/\/YgIbxsAghiIBYe+BsoyJ9jIDAwMAAAD\/\/2Ji+P9\/OwMDAyfD\/\/9CYJeBDIUYPBfqUl+iTWNgYAAAAAD\/\/2JiYGQ8DmWbobiQgSEQGkHvwQZjw+iAgYEBAAAA\/\/8CuXAr1KAUJPloBkbG6Qz\/Ga4x\/P8\/A+5qdIxuKAMDAwAAAP\/\/ArnwLQMDwyMGRsZgqJgBAyPjEgYGhhsMjIw6DAwMP4n2LwMDAwAAAP\/\/AkUKyKZSqCu9GRgZ74DF\/v8HJR+UMIB7GxdgYGAAAAAA\/\/+CGMjAsIqBkfE3AwPDOnBaZGCwYWBgUGdgYFhKjCFwwMDAAAAAAP\/\/ghkIAhkMjIxsDAwM+QwMDEcZGBg2MjAyRjEwMIByC3GAgYEBAAAA\/\/80k7EJACAQAy+9kwhO4CqubCO4gXtEXvkmRapc4FK9RFpAA8KOCWzsijSw\/9p\/R2RHKtgbOK+XuAAAAP\/\/AkUKcti4QGPyDAMDAzcDA4M2AwPDbQYGBlAk9SFZvICBgeEIw\/\/\/OxgYGR8zMDJ+ZmBgmMPAwMAGAAAA\/\/9M0zEZQAAYRdHzItgk0EEAmw4GCbQSQASDUQEFlPh9TG6Gc9+X\/92SEZuqC62kwyFZPqucmCSrqh2Dql4yq2oeAAAA\/\/9iZJh6C1v4hDMwMKxgYGD4wPD\/vyYDA8MLBkbGLAYGhqlQ7y5mYGCIQ9NzioGR0RQAAAD\/\/0KOFGSwkoGBwZ\/h\/38BBkbG5+CI+f9\/GsizDIyMiVgMA4HnDAwMDAAAAAD\/\/8JlICgcNzEwMGgwMDC8YWBkXARO6P\/\/q4CLO2gEIIUpCLMyMDAwAAAAAP\/\/wm0gBNxk+P9fgoGBoZ+BkVGdgZERFEE3GBgYshkYGJTQHMDMwMDAAAAAAP\/\/whWGqEUZBEiDI+b\/\/2Kk5POTgZHxGDgy\/\/8PZ2BguAcAAAD\/\/yLFQIT3GP77MvxncGFgZAxkYGCQhcpcYfj\/3w8AAAD\/\/wMAC+vBgAdLhxAAAAAASUVORK5CYII=\"><\/image><\/svg>\t\t\t\t\t\t<\/span>\n\t\t\t\t\t\t\t\t\t\t<span class=\"elementor-icon-list-text\">+48 884 215 759<\/span>\n\t\t\t\t\t\t\t\t\t\t\t<\/a>\n\t\t\t\t\t\t\t\t\t<\/li>\n\t\t\t\t\t\t\t\t<li class=\"elementor-icon-list-item elementor-inline-item\">\n\t\t\t\t\t\t\t\t\t\t\t<a href=\"tel:+380509216477\">\n\n\t\t\t\t\t\t\t\t\t\t\t\t<span class=\"elementor-icon-list-icon\">\n\t\t\t\t\t\t\t<svg xmlns=\"http:\/\/www.w3.org\/2000\/svg\" xmlns:xlink=\"http:\/\/www.w3.org\/1999\/xlink\" width=\"20\" height=\"20\" viewBox=\"0 0 20 20\"><image id=\"icon-tel-1\" width=\"20\" height=\"20\" xlink:href=\"data:img\/png;base64,iVBORw0KGgoAAAANSUhEUgAAABQAAAAUCAYAAACNiR0NAAADaElEQVQ4jYzHMQ0AIBAEwTmhFHiiRgZeMIGFJzhgm8nG2DDRCYo8LVUN581XiQsAAP\/\/hM5BDYAwAASwXjJJqMDErE0HFrDD\/3hMwAw0HViSqX3xSaIdklvyaK8jtgPgBwAA\/\/8CaYxnYGB4yMDIaIamYB\/D\/\/+ORLns\/38IzcjIAAAAAP\/\/YgIbxsAghiIBYe+BsoyJ9jIDAwMAAAD\/\/2Ji+P9\/OwMDAyfD\/\/9CYJeBDIUYPBfqUl+iTWNgYAAAAAD\/\/2JiYGQ8DmWbobiQgSEQGkHvwQZjw+iAgYEBAAAA\/\/8CuXAr1KAUJPloBkbG6Qz\/Ga4x\/P8\/A+5qdIxuKAMDAwAAAP\/\/ArnwLQMDwyMGRsZgqJgBAyPjEgYGhhsMjIw6DAwMP4n2LwMDAwAAAP\/\/AkUKyKZSqCu9GRgZ74DF\/v8HJR+UMIB7GxdgYGAAAAAA\/\/+CGMjAsIqBkfE3AwPDOnBaZGCwYWBgUGdgYFhKjCFwwMDAAAAAAP\/\/ghkIAhkMjIxsDAwM+QwMDEcZGBg2MjAyRjEwMIByC3GAgYEBAAAA\/\/80k7EJACAQAy+9kwhO4CqubCO4gXtEXvkmRapc4FK9RFpAA8KOCWzsijSw\/9p\/R2RHKtgbOK+XuAAAAP\/\/AkUKcti4QGPyDAMDAzcDA4M2AwPDbQYGBlAk9SFZvICBgeEIw\/\/\/OxgYGR8zMDJ+ZmBgmMPAwMAGAAAA\/\/9M0zEZQAAYRdHzItgk0EEAmw4GCbQSQASDUQEFlPh9TG6Gc9+X\/92SEZuqC62kwyFZPqucmCSrqh2Dql4yq2oeAAAA\/\/9iZJh6C1v4hDMwMKxgYGD4wPD\/vyYDA8MLBkbGLAYGhqlQ7y5mYGCIQ9NzioGR0RQAAAD\/\/0KOFGSwkoGBwZ\/h\/38BBkbG5+CI+f9\/GsizDIyMiVgMA4HnDAwMDAAAAAD\/\/8JlICgcNzEwMGgwMDC8YWBkXARO6P\/\/q4CLO2gEIIUpCLMyMDAwAAAAAP\/\/wm0gBNxk+P9fgoGBoZ+BkVGdgZERFEE3GBgYshkYGJTQHMDMwMDAAAAAAP\/\/whWGqEUZBEiDI+b\/\/2Kk5POTgZHxGDgy\/\/8PZ2BguAcAAAD\/\/yLFQIT3GP77MvxncGFgZAxkYGCQhcpcYfj\/3w8AAAD\/\/wMAC+vBgAdLhxAAAAAASUVORK5CYII=\"><\/image><\/svg>\t\t\t\t\t\t<\/span>\n\t\t\t\t\t\t\t\t\t\t<span class=\"elementor-icon-list-text\"> +38 050 921 64 77<\/span>\n\t\t\t\t\t\t\t\t\t\t\t<\/a>\n\t\t\t\t\t\t\t\t\t<\/li>\n\t\t\t\t\t\t\t\t<li class=\"elementor-icon-list-item elementor-inline-item\">\n\t\t\t\t\t\t\t\t\t\t\t<a href=\"mailto:kontakt@most-biznesu.eu\">\n\n\t\t\t\t\t\t\t\t\t\t\t\t<span class=\"elementor-icon-list-icon\">\n\t\t\t\t\t\t\t<svg xmlns=\"http:\/\/www.w3.org\/2000\/svg\" xmlns:xlink=\"http:\/\/www.w3.org\/1999\/xlink\" width=\"22\" height=\"16\" viewBox=\"0 0 22 16\"><image id=\"icon-mail-1\" width=\"22\" height=\"16\" xlink:href=\"data:img\/png;base64,iVBORw0KGgoAAAANSUhEUgAAABYAAAAQCAYAAAAS7Y8mAAADCElEQVQ4jWJkmHJTioGBYQEDI6MrA8N\/BgYGRga84P9\/BgZGqBoQGwRgfAi4zsDAkAMAAAD\/\/2JhYGScy8DA4MrAwDCFgYHxC8N\/Bh6w2TBNMADSDDMUWQ5hyR8GRsYXDAwMHQwMDLsAAAAA\/\/9iYfj\/XwYqycrAwFBJlKtxA3+wFAMDMwAAAP\/\/YmJgYPjH8P\/\/RwYGhnSQTSheJAYggqOM4f\/\/DQz\/\/39hYGD4AAAAAP\/\/AhmszMDAsI+B4T8oOEB4I9GGIoIhj+H\/\/04GBoYmBkbGDIb\/\/\/kBAAAA\/\/8CGQySlWH4z7CH4f\/\/TAYGBj8GRsb1WCIFF8hlYGScyMDIuImBgaGegYGBiYGBgREAAAD\/\/2JiYGT8x8DAwA7VNQPsJQaGAAYGhtU4XYgAOQwMDJPAQfj\/vz\/Yjf\/\/yzIwMDAAAAAA\/\/9iAkcWyHCEpm6G\/\/8jGRgYQhgYGBbhcWkSAwPDZAZGxgUM\/\/+7Q8MERPxmYGBgAAAAAP\/\/YgKzQREAiwQI\/Q2qOZaBkRGby7MZGBhAyRSk\/jvYUciYkZEBAAAA\/\/8CBQXU5XAA0rSRgZER5No8qMs3oHl\/CgMj42yG\/\/+TGRgYQPGCLM\/KwMDAAAAAAP\/\/YgEbysj4G5r44yEZheEIAwMDiA1yEScDAwMoxpcyMDBcZWBgaGX4\/383AyNjGjSziEDlVzL8\/x\/OwMDwjIGRkQEAAAD\/\/wIZDAKPGBgZrcFZm4HhKAMDgy2SC7qg4dYHDsP\/DKAUE4QiD3EUyPBzDAwM9xn+\/\/8PAAAA\/\/9iZJh66xIDA4M0AwODEMP\/\/2cZGBhMMLItJFzVGBgYeBkYGM7iyNr1DP\/\/NzAwML5jYGRgAgAAAP\/\/AmVpkKAQAwPDKgYGBpBXsIP\/\/29htRBiKEi8kYGR8Q4DA8MSBgYGBgAAAAD\/\/wIFxStoWH5kYGRsZvj\/XwBJMU57sABQcL0GizMwMAAAAAD\/\/wIZnMLAwDCbgYEhkYGBAVTaYboGBrAVkzA2ovS7xPD\/fx0AAAD\/\/wMAq0m6YmljL2EAAAAASUVORK5CYII=\"><\/image><\/svg>\t\t\t\t\t\t<\/span>\n\t\t\t\t\t\t\t\t\t\t<span class=\"elementor-icon-list-text\">kontakt@most-biznesu.eu<\/span>\n\t\t\t\t\t\t\t\t\t\t\t<\/a>\n\t\t\t\t\t\t\t\t\t<\/li>\n\t\t\t\t\t\t<\/ul>\n\t\t\t\t\t\t<\/div>\n\t\t\t\t<\/div>\n\t\t\t\t<div class=\"elementor-element elementor-element-af9db6e e-grid-align-mobile-left elementor-shape-rounded elementor-grid-0 elementor-widget elementor-widget-social-icons\" data-id=\"af9db6e\" data-element_type=\"widget\" data-widget_type=\"social-icons.default\">\n\t\t\t\t<div class=\"elementor-widget-container\">\n\t\t\t\t\t\t\t<div class=\"elementor-social-icons-wrapper elementor-grid\" role=\"list\">\n\t\t\t\t\t\t\t<span class=\"elementor-grid-item\" role=\"listitem\">\n\t\t\t\t\t<a class=\"elementor-icon elementor-social-icon elementor-social-icon-youtube elementor-animation-grow elementor-repeater-item-8a8b3e6\" href=\"https:\/\/www.youtube.com\/channel\/UCcMm16utBcMQJpL5zZEZrBw\" target=\"_blank\" rel=\"noopener\">\n\t\t\t\t\t\t<span class=\"elementor-screen-only\">Youtube<\/span>\n\t\t\t\t\t\t<i class=\"fab fa-youtube\"><\/i>\t\t\t\t\t<\/a>\n\t\t\t\t<\/span>\n\t\t\t\t\t\t\t<span class=\"elementor-grid-item\" role=\"listitem\">\n\t\t\t\t\t<a class=\"elementor-icon elementor-social-icon elementor-social-icon-instagram elementor-animation-grow elementor-repeater-item-056a984\" href=\"https:\/\/www.instagram.com\/most_biznesu\/\" target=\"_blank\" rel=\"noopener\">\n\t\t\t\t\t\t<span class=\"elementor-screen-only\">Instagram<\/span>\n\t\t\t\t\t\t<i class=\"fab fa-instagram\"><\/i>\t\t\t\t\t<\/a>\n\t\t\t\t<\/span>\n\t\t\t\t\t\t\t<span class=\"elementor-grid-item\" role=\"listitem\">\n\t\t\t\t\t<a class=\"elementor-icon elementor-social-icon elementor-social-icon-facebook-f elementor-animation-grow elementor-repeater-item-fba02a4\" href=\"https:\/\/www.facebook.com\/biznesmist\/\" target=\"_blank\" rel=\"noopener\">\n\t\t\t\t\t\t<span class=\"elementor-screen-only\">Facebook-f<\/span>\n\t\t\t\t\t\t<i class=\"fab fa-facebook-f\"><\/i>\t\t\t\t\t<\/a>\n\t\t\t\t<\/span>\n\t\t\t\t\t<\/div>\n\t\t\t\t\t\t<\/div>\n\t\t\t\t<\/div>\n\t\t\t\t<div class=\"elementor-element elementor-element-04ee70c elementor-widget elementor-widget-text-editor\" data-id=\"04ee70c\" data-element_type=\"widget\" data-widget_type=\"text-editor.default\">\n\t\t\t\t<div class=\"elementor-widget-container\">\n\t\t\t\t\t\t\t\t\t<p style=\"text-align: left;\">\u0443\u043b. Ko\u0142\u0142\u0105taja 3\/15, 20-006 Lublin<br \/>\u041f\u043d &#8212; \u041f\u0442 09:00 &#8212; 17:00<\/p>\t\t\t\t\t\t\t\t<\/div>\n\t\t\t\t<\/div>\n\t\t\t\t<\/div>\n\t\t\t\t\t<\/div>\n\t\t\t\t<\/div>\n\t\t\t\t<\/div>\n\t\t","protected":false},"excerpt":{"rendered":"<p>Most Biznesu Most Biznesu sp. z o. o.NIP: 7123506427REGON: 543688390KRS: 0001216079 +48 884 215 759 +38 050 921 64 77 kontakt@most-biznesu.eu Youtube Instagram Facebook-f \u0443\u043b. Ko\u0142\u0142\u0105taja 3\/15, 20-006 Lublin\u041f\u043d &#8212; \u041f\u0442 09:00 &#8212; 17:00<\/p>\n","protected":false},"author":1,"featured_media":0,"parent":0,"menu_order":0,"comment_status":"closed","ping_status":"closed","template":"elementor_header_footer","meta":{"_acf_changed":false,"footnotes":""},"class_list":["post-4481","page","type-page","status-publish","hentry"],"acf":[],"rankMath":{"parentDomain":"most-biznesu.eu","noFollowDomains":[],"noFollowExcludeDomains":[],"noFollowExternalLinks":false,"featuredImageNotice":"\u041f\u043e\u043a\u0430\u0437\u0430\u043d\u043d\u043e\u0435 \u0438\u0437\u043e\u0431\u0440\u0430\u0436\u0435\u043d\u0438\u0435 \u0434\u043e\u043b\u0436\u043d\u043e \u0431\u044b\u0442\u044c \u0440\u0430\u0437\u043c\u0435\u0440\u043e\u043c \u043d\u0435 \u043c\u0435\u043d\u0435\u0435 200 \u043d\u0430 200 \u043f\u0438\u043a\u0441\u0435\u043b\u0435\u0439, \u0447\u0442\u043e\u0431\u044b \u0435\u0433\u043e \u043c\u043e\u0433\u043b\u0438 \u0443\u0432\u0438\u0434\u0435\u0442\u044c Facebook \u0438 \u0434\u0440\u0443\u0433\u0438\u0435 \u0441\u0430\u0439\u0442\u044b \u0441\u043e\u0446\u0438\u0430\u043b\u044c\u043d\u044b\u0445 \u0441\u0435\u0442\u0435\u0439.","pluginReviewed":false,"postSettings":{"linkSuggestions":true,"useFocusKeyword":false},"frontEndScore":false,"postName":"kontakt","permalinkFormat":"https:\/\/most-biznesu.eu\/ru\/%pagename%\/","showLockModifiedDate":true,"assessor":{"focusKeywordLink":"https:\/\/most-biznesu.eu\/wp-admin\/edit.php?focus_keyword=%focus_keyword%&post_type=%post_type%","hasTOCPlugin":{"essential-addons-for-elementor-lite\/essential_adons_elementor.php":"Essential Addons for Elementor"},"primaryTaxonomy":false,"serpData":{"title":"","description":"","focusKeywords":"","pillarContent":false,"canonicalUrl":"","breadcrumbTitle":"","advancedRobots":{"max-snippet":-1,"max-video-preview":-1,"max-image-preview":"large"},"facebookTitle":"","facebookDescription":"","facebookImage":"","facebookImageID":"","facebookHasOverlay":false,"facebookImageOverlay":"","facebookAuthor":"","twitterCardType":"","twitterUseFacebook":true,"twitterTitle":"","twitterDescription":"","twitterImage":"","twitterImageID":"","twitterHasOverlay":false,"twitterImageOverlay":"","twitterPlayerUrl":"","twitterPlayerSize":"","twitterPlayerStream":"","twitterPlayerStreamCtype":"","twitterAppDescription":"","twitterAppIphoneName":"","twitterAppIphoneID":"","twitterAppIphoneUrl":"","twitterAppIpadName":"","twitterAppIpadID":"","twitterAppIpadUrl":"","twitterAppGoogleplayName":"","twitterAppGoogleplayID":"","twitterAppGoogleplayUrl":"","twitterAppCountry":"","robots":{"index":true},"twitterAuthor":"\u0438\u043c\u044f \u043f\u043e\u043b\u044c\u0437\u043e\u0432\u0430\u0442\u0435\u043b\u044f","primaryTerm":0,"authorName":"admin-most","titleTemplate":"%title% %page% %sep% %sitename%","descriptionTemplate":"%excerpt%","showScoreFrontend":true,"lockModifiedDate":false},"powerWords":[],"diacritics":{"A":"[\\u0410\\u0430]","B":"[\\u0411\\u0431]","V":"[\\u0412\\u0432]","G":"[\\u0413\\u0433]","D":"[\\u0414\\u0434]","YE":"[\\u0415\\u0435]","YO":"[\\u0401\\u0451]","ZH":"[\\u0416\\u0436]","Z":"[\\u0417\\u0437]","EE":"[\\u0418\\u0438]","YI":"[\\u0419\\u0439]","K":"[\\u041A\\u043A]","L":"[\\u041B\\u043B]","M":"[\\u041C\\u043c]","P":"[\\u041F\\u043F]","T":"[\\u0422\\u0442]","U":"[\\u0423\\u0443]","F":"[\\u0424\\u0444]","H":"[\\u0425\\u0445]","TS":"[\\u0426\\u0446]","CH":"[\\u0427\\u0447]","SH":"[\\u0428\\u0448\\u0429\\u0449]","I":"[\\u042B\\u044B]","E":"[\\u042D\\u044D]","YU":"[\\u042E\\u044E]","YA":"[\\u042F\\u044F]","N":"[\\u041D\\u043D]"},"researchesTests":["contentHasTOC","contentHasShortParagraphs","contentHasAssets","keywordInTitle","keywordInMetaDescription","keywordInPermalink","keywordIn10Percent","keywordInContent","keywordInSubheadings","keywordInImageAlt","keywordDensity","keywordNotUsed","lengthContent","lengthPermalink","linksHasInternal","linksHasExternals","linksNotAllExternals","titleStartWithKeyword","titleSentiment","titleHasPowerWords","titleHasNumber","hasContentAI"],"hasRedirection":true,"hasBreadcrumb":true},"homeUrl":"https:\/\/most-biznesu.eu\/ru\/","objectID":4481,"objectType":"post","locale":"ru","localeFull":"ru_RU","overlayImages":{"play":{"name":"Play \u0438\u043a\u043e\u043d\u043a\u0430","url":"https:\/\/most-biznesu.eu\/wp-content\/plugins\/seo-by-rank-math\/assets\/admin\/img\/icon-play.png","path":"\/home\/freswpl\/most-biznesu.eu\/public_html\/wp-content\/plugins\/seo-by-rank-math\/assets\/admin\/img\/icon-play.png","position":"middle_center"},"gif":{"name":"GIF \u0438\u043a\u043e\u043d\u043a\u0430","url":"https:\/\/most-biznesu.eu\/wp-content\/plugins\/seo-by-rank-math\/assets\/admin\/img\/icon-gif.png","path":"\/home\/freswpl\/most-biznesu.eu\/public_html\/wp-content\/plugins\/seo-by-rank-math\/assets\/admin\/img\/icon-gif.png","position":"middle_center"}},"defautOgImage":"https:\/\/most-biznesu.eu\/wp-content\/uploads\/2025\/08\/Most-biznesu.png","customPermalinks":true,"isUserRegistered":true,"autoSuggestKeywords":true,"connectSiteUrl":"https:\/\/rankmath.com\/auth?site=https%3A%2F%2Fmost-biznesu.eu%2Fru%2F&r=https%3A%2F%2Fmost-biznesu.eu%2Fru%2Fwp-json%2Fwp%2Fv2%2Fpages%2F4481%3Fnonce%3D1d6deeaf90","maxTags":5,"trendsIcon":"<svg viewBox=\"0 0 610 610\"><path d=\"M18.85,446,174.32,290.48l58.08,58.08L76.93,504a14.54,14.54,0,0,1-20.55,0L18.83,466.48a14.54,14.54,0,0,1,0-20.55Z\" style=\"fill:#4285f4\"\/><path d=\"M242.65,242.66,377.59,377.6l-47.75,47.75a14.54,14.54,0,0,1-20.55,0L174.37,290.43l47.75-47.75A14.52,14.52,0,0,1,242.65,242.66Z\" style=\"fill:#ea4335\"\/><polygon points=\"319.53 319.53 479.26 159.8 537.34 217.88 377.61 377.62 319.53 319.53\" style=\"fill:#fabb05\"\/><path d=\"M594.26,262.73V118.61h0a16.94,16.94,0,0,0-16.94-16.94H433.2a16.94,16.94,0,0,0-12,28.92L565.34,274.71h0a16.94,16.94,0,0,0,28.92-12Z\" style=\"fill:#34a853\"\/><rect width=\"610\" height=\"610\" style=\"fill:none\"\/><\/svg>","showScore":true,"siteFavIcon":"https:\/\/most-biznesu.eu\/wp-content\/uploads\/2022\/07\/icon.png","canUser":{"general":false,"advanced":false,"snippet":false,"social":false,"analysis":false,"analytics":false,"content_ai":false},"showKeywordIntent":true,"isPro":false,"is_front_page":false,"trendsUpgradeLink":"https:\/\/rankmath.com\/pricing\/?utm_source=Plugin&utm_medium=CE%20General%20Tab%20Trends&utm_campaign=WP","trendsUpgradeLabel":"\u0410\u043f\u0433\u0440\u0435\u0439\u0434","trendsPreviewImage":"https:\/\/most-biznesu.eu\/wp-content\/plugins\/seo-by-rank-math\/assets\/admin\/img\/trends-preview.jpg","currentEditor":false,"homepageData":{"assessor":{"powerWords":[],"diacritics":true,"researchesTests":["contentHasTOC","contentHasShortParagraphs","contentHasAssets","keywordInTitle","keywordInMetaDescription","keywordInPermalink","keywordIn10Percent","keywordInContent","keywordInSubheadings","keywordInImageAlt","keywordDensity","keywordNotUsed","lengthContent","lengthPermalink","linksHasInternal","linksHasExternals","linksNotAllExternals","titleStartWithKeyword","titleSentiment","titleHasPowerWords","titleHasNumber","hasContentAI"],"hasBreadcrumb":true,"serpData":{"title":"%sitename% %page% %sep% %sitedesc%","description":"","titleTemplate":"%sitename% %page% %sep% %sitedesc%","descriptionTemplate":"","focusKeywords":"","breadcrumbTitle":"Strona g\u0142\u00f3wna","robots":{"index":true},"advancedRobots":{"max-snippet":-1,"max-video-preview":-1,"max-image-preview":"large"},"facebookTitle":"","facebookDescription":"","facebookImage":"","facebookImageID":""}}},"tocTitle":"Table of Contents","tocExcludeHeadings":[],"listStyle":"ul"},"_links":{"self":[{"href":"https:\/\/most-biznesu.eu\/ru\/wp-json\/wp\/v2\/pages\/4481","targetHints":{"allow":["GET"]}}],"collection":[{"href":"https:\/\/most-biznesu.eu\/ru\/wp-json\/wp\/v2\/pages"}],"about":[{"href":"https:\/\/most-biznesu.eu\/ru\/wp-json\/wp\/v2\/types\/page"}],"author":[{"embeddable":true,"href":"https:\/\/most-biznesu.eu\/ru\/wp-json\/wp\/v2\/users\/1"}],"replies":[{"embeddable":true,"href":"https:\/\/most-biznesu.eu\/ru\/wp-json\/wp\/v2\/comments?post=4481"}],"version-history":[{"count":10,"href":"https:\/\/most-biznesu.eu\/ru\/wp-json\/wp\/v2\/pages\/4481\/revisions"}],"predecessor-version":[{"id":5325,"href":"https:\/\/most-biznesu.eu\/ru\/wp-json\/wp\/v2\/pages\/4481\/revisions\/5325"}],"wp:attachment":[{"href":"https:\/\/most-biznesu.eu\/ru\/wp-json\/wp\/v2\/media?parent=4481"}],"curies":[{"name":"wp","href":"https:\/\/api.w.org\/{rel}","templated":true}]}}