{"id":1887,"date":"2022-08-09T18:34:07","date_gmt":"2022-08-09T16:34:07","guid":{"rendered":"https:\/\/most-biznesu.eu\/?page_id=1887"},"modified":"2025-07-30T11:02:44","modified_gmt":"2025-07-30T09:02:44","slug":"aktualnyj-spisok-klientov","status":"publish","type":"page","link":"https:\/\/most-biznesu.eu\/ru\/aktualnyj-spisok-klientov\/","title":{"rendered":"\u0410\u043a\u0442\u0443\u0430\u043b\u044c\u043d\u044b\u0439 \u0441\u043f\u0438\u0441\u043e\u043a \u043a\u043b\u0438\u0435\u043d\u0442\u043e\u0432"},"content":{"rendered":"\t\t<div data-elementor-type=\"wp-page\" data-elementor-id=\"1887\" class=\"elementor elementor-1887 elementor-1572\">\n\t\t\t\t\t\t<section class=\"elementor-section elementor-top-section elementor-element elementor-element-97420e9 elementor-section-boxed elementor-section-height-default elementor-section-height-default\" data-id=\"97420e9\" data-element_type=\"section\" data-settings=\"{&quot;jet_parallax_layout_list&quot;:[],&quot;background_background&quot;:&quot;classic&quot;}\">\n\t\t\t\t\t\t<div class=\"elementor-container elementor-column-gap-default\">\n\t\t\t\t\t<div class=\"elementor-column elementor-col-25 elementor-top-column elementor-element elementor-element-75ae102\" data-id=\"75ae102\" data-element_type=\"column\">\n\t\t\t<div class=\"elementor-widget-wrap\">\n\t\t\t\t\t\t\t<\/div>\n\t\t<\/div>\n\t\t\t\t<div class=\"elementor-column elementor-col-50 elementor-top-column elementor-element elementor-element-a2b1fc5\" data-id=\"a2b1fc5\" data-element_type=\"column\">\n\t\t\t<div class=\"elementor-widget-wrap elementor-element-populated\">\n\t\t\t\t\t\t<div class=\"elementor-element elementor-element-0d347f4 elementor-widget elementor-widget-heading\" data-id=\"0d347f4\" data-element_type=\"widget\" data-widget_type=\"heading.default\">\n\t\t\t\t<div class=\"elementor-widget-container\">\n\t\t\t\t\t<h2 class=\"elementor-heading-title elementor-size-default\">\u041a\u043b\u0438\u0435\u043d\u0442\u044b \u041c\u043e\u0441\u0442\u0430 \u0411\u0438\u0437\u043d\u0435\u0441\u0430<\/h2>\t\t\t\t<\/div>\n\t\t\t\t<\/div>\n\t\t\t\t<div class=\"elementor-element elementor-element-a046f5a elementor-widget elementor-widget-text-editor\" data-id=\"a046f5a\" data-element_type=\"widget\" data-widget_type=\"text-editor.default\">\n\t\t\t\t<div class=\"elementor-widget-container\">\n\t\t\t\t\t\t\t\t\t<p style=\"text-align: center;\">\u0441\u043e\u0441\u0442\u043e\u044f\u043d\u0438\u0435\u043c \u043d\u0430 29.07.2025 \u0433.<\/p>\t\t\t\t\t\t\t\t<\/div>\n\t\t\t\t<\/div>\n\t\t\t\t<div class=\"elementor-element elementor-element-fbdc683 elementor-widget elementor-widget-text-editor\" data-id=\"fbdc683\" data-element_type=\"widget\" data-widget_type=\"text-editor.default\">\n\t\t\t\t<div class=\"elementor-widget-container\">\n\t\t\t\t\t\t\t\t\t<ul style=\"list-style-type: circle;\">\n<li>A4 COPY SP. C.<\/li>\n<li>ADEPT SP. Z O.O. KOMANDYTOWA<\/li>\n<li>ALBRET SP. Z O.O.<\/li>\n<li>ALEKSANDRA PERSONA LEKSA CONSULTING<\/li>\n<li>ALMA GLOBAL SP. Z O.O.<\/li>\n<li>ALMA MLT SP. Z O.O.<\/li>\n<li>ALTMED CLINIC SP. Z O. O.<\/li>\n<li>ANDROID OLEKSII HAVRYLIUK<\/li>\n<li>AROKS GROUP SP. Z O.O.<\/li>\n<li>ARTNOSE SP. Z O. O.<\/li>\n<li>BALTIC BITES SP. Z O.O.<\/li>\n<li>BLIK INWEST<\/li>\n<li>BIOBETTER SP. Z O.O.<\/li>\n<li>BODY VIBE VIKTORIYA SNYEGUROVA<\/li>\n<li>BOTSHARE SP. Z O.O.<\/li>\n<li>CHISEI TECHNOLOGIES SP. Z O.O.<\/li>\n<li>COMPUGROUP MEDICAL POLSKA SP. Z O.O.<\/li>\n<li>COSMOTRADE AA SP. Z O.O.&nbsp;<\/li>\n<li>DARIA PIDDUBNIAK<\/li>\n<li>DAWA TRADE SP. Z O.O.<\/li>\n<li>DENYS LEBEDOVYCH<\/li>\n<li>DOBRY KLIMAT SP Z O.O.<\/li>\n<li>DON BRANDO SP. Z O.O.<\/li>\n<li>DEUTSCHE GESELLSCHAFT FUR<\/li>\n<li>INTERNATIONALE ZUSAMMENARBEIT GmbH<\/li>\n<li>ECORYS NEDERLAND B.V.<\/li>\n<li>EDUCATION SYSTEMS MARIIA SYCHYNSKA<\/li>\n<li>E-HUB VITALII SYCHYNSKYI&nbsp;<\/li>\n<li>EUROAL SP. Z O.O.<\/li>\n<li>EURO-KONSULT SP. Z O.O.<\/li>\n<li>EUROSTANDARD SP. Z O.O.<\/li>\n<li>EUROSUPPORT GROUP SP. Z O.O.<\/li>\n<li>EUROSUPPORT OUTSOURSING SP. Z O.O.<\/li>\n<li>FACEIDENTIFICATION SP. Z O.O.<\/li>\n<li>FACTORIA VOLODYMYR HAMMER<\/li>\n<li>FUNDACJA FREE PEOPLE<\/li>\n<li>FUNDACJA HELP SARNY.UA<\/li>\n<li>FUNDACJA INICJATYW MENED\u017bERSKICH<\/li>\n<li>FUNDACJA MOBILNO\u015aCI AKTYWNEJ<\/li>\n<li>FUNDACJA ROZWOJU EUROPY \u015aRODKOWO WSCHODNIEJ<\/li>\n<li>FUNDACJA VCC<\/li>\n<li>FUTURO EU SP. Z O.O.<\/li>\n<li>GEMPOL SP. Z O.O.<\/li>\n<li>GREEN-STAR SP. Z O.O.<\/li>\n<li>HANDY.AI SP. Z O.O.<\/li>\n<li>HLYVYTSKA YULIIA<\/li>\n<li>IEVGENIIA USTENKO<\/li>\n<li>INNOFIN SP. Z O.O.<\/li>\n<li>INNOVATION IN MEDICINE SP. Z O.O.<\/li>\n<li>INPL GROUP SP. Z O.O.<\/li>\n<li>INSTAL-PROJEKT SP\u00d3\u0141KA JAWNA<\/li>\n<li>INSTYTUT DORADZTWA INNOWACYJNEGO<\/li>\n<li>INTERTASTE SP. Z O.O.<\/li>\n<li>KAPRIOLA SP. Z O.O.<\/li>\n<li>KLINEX SP. Z O.O.<\/li>\n<li>KNOPKA SP. Z O.O.<\/li>\n<li>KOKOS SP. Z O.O.<\/li>\n<li>KRYOTECH SP. Z O.O.<\/li>\n<li>LAB24 SP. Z O.O.<\/li>\n<li>LARYSA LUKASH<\/li>\n<li>LISOVAR SP. Z O.O.<\/li>\n<li>LUCKY PTAKI SP Z O.O.<\/li>\n<li>MAGIC MOMENTS AGENCY KATERYNA KUDIUKINA<\/li>\n<li>MAKE UP ARTIST SIMRAN GARG<\/li>\n<li>MARIANA BOCHAROVA<\/li>\n<li>MAVIX GROUP SP. Z O.O.<\/li>\n<li>MATRIX DOOR FEDIR FURSOVYCH<\/li>\n<li>MEDICAL SCRUBS VIKTORIA KRAVTSOVA<\/li>\n<li>MEDIMOST SP. Z O.O.<\/li>\n<li>METER DECOR VADYM TYMOSEVYCH<\/li>\n<li>MIROKANA SP Z O.O.<\/li>\n<li>MIROWIN SP. Z O.O.<\/li>\n<li>MISU SP. Z O.O.<\/li>\n<li>MODERN-EXPO S.A.<\/li>\n<li>MOVIE MEDIA SP. Z O.O.<\/li>\n<li>MULTICOOK SP. Z O.O.<\/li>\n<li>NALLATI<\/li>\n<li>NATALIA KONDRATIUK<\/li>\n<li>NATALIIA RUDYK<\/li>\n<li>NEXBIO SP. Z O.O.<\/li>\n<li>NKNAILS ANASTASIIA KOZACHOK<\/li>\n<li>NOSSON SP. Z O.O.&nbsp;<\/li>\n<li>OJCIEC I SYNOWIE PL SP. Z O.O.<\/li>\n<li>OKSANA CHABAROVA<\/li>\n<li>OKSANA KOCHKINA STUDIO<\/li>\n<li>OKSANA TKHOREVSKA<\/li>\n<li>OKSANA TRONKO<\/li>\n<li>OLENA HLUSHCHUK<\/li>\n<li>ONLYCUBS YANINA MISTIUK<\/li>\n<li>OSKO-GROUP SP. Z O.O.<\/li>\n<li>PECAPEA SP. Z O.O.<\/li>\n<li>PIGEON EYE GAMES<\/li>\n<li>POELLE POLSKA SP. Z O.O.<\/li>\n<li>POLINO GROUP SP. Z O.O.<\/li>\n<li>POLSKA BOR\u00d3WKA SP. Z O.O.<\/li>\n<li>POMOC DOMOWA IRYNA KOSTYRKA<\/li>\n<li>POTRAWY DOMOWE NATALIA DOROHINA<\/li>\n<li>PROFELIS IT SP. Z O.O.<\/li>\n<li>PROZHYRKO YULIIA<\/li>\n<li>RECOSHELF SP. Z O.O.<\/li>\n<li>RIGHT CHOICE WORK SP. Z O.O.<\/li>\n<li>ROBOTY BUDOWLANE IHOR SEROHIN<\/li>\n<li>SABANOVA SP. Z O.O.<\/li>\n<li>SASSEBEAUTY DARIA SKIDINA<\/li>\n<li>SHCHERBAK LARYSA<\/li>\n<li>SIMPLE COMPANY SP Z O.O.<\/li>\n<li>STARTPRO TOOLS SP. Z O.O.<\/li>\n<li>STREFA ROZWOJU ZENON KOSI\u0143SKI<\/li>\n<li>STUDIO PI\u0118KNO\u015aCI PINK &#8212; OLEKSANDRA PETRENKO<\/li>\n<li>SPEC TEH BUD MYKHAILO BEREZHNYI<\/li>\n<li>SPI\u017bARNIA SP\u00d3\u0141KA JAWNA<\/li>\n<li>SYNERGIA SP. Z O.O.<\/li>\n<li>SYNTEA S.A.<\/li>\n<li>SZALONY \u017b\u00d3\u0141W SP. Z O.O.<\/li>\n<li>TEAM COGNITION SP. Z O.O.<\/li>\n<li>TECHSVIT POLAND SP. Z O.O.<\/li>\n<li>TETIANA SPIRIDONOVA<\/li>\n<li>TRADYCYJNE POSI\u0141KI DOMOWE YANA TKACH<\/li>\n<li>US\u0141UGI REMONTOWE IHOR SEROHIN<\/li>\n<li>US\u0141UGI REMONTOWE SERGII BACHMAGA<\/li>\n<li>VIACHASLAU LUKYANENKA GAME PRODUCTION<\/li>\n<li>VIRA INTERNATIONAL SP Z O.O<\/li>\n<li>VIVASAN SP. Z O.O.<\/li>\n<li>VIVO GROUP SP Z O.O.<\/li>\n<li>VOLIA ECOMARKET INTERNETIONAL SP Z O.O.<\/li>\n<li>VOLODYMYR KULINA<\/li>\n<li>WALNUT PODILSKYI SP. Z O.O.<\/li>\n<li>WORKATE SP. Z O.O.<\/li>\n<li>WINTERRO SP Z O.O.<\/li>\n<li>WORKATE SP. Z O.O.<\/li>\n<li>XVISION S.C.<\/li>\n<li>YULIIA BATSENKO<\/li>\n<li>YULIIA KONONENKO<\/li>\n<li>YURII LUKASH<\/li>\n<li>ZOO TAXI KATOWICE SERHII DVOROVYI<\/li>\n<li>30CARE SP. Z O.O.<\/li>\n<\/ul>\t\t\t\t\t\t\t\t<\/div>\n\t\t\t\t<\/div>\n\t\t\t\t\t<\/div>\n\t\t<\/div>\n\t\t\t\t<div class=\"elementor-column elementor-col-25 elementor-top-column elementor-element elementor-element-198acb9\" data-id=\"198acb9\" data-element_type=\"column\">\n\t\t\t<div class=\"elementor-widget-wrap\">\n\t\t\t\t\t\t\t<\/div>\n\t\t<\/div>\n\t\t\t\t\t<\/div>\n\t\t<\/section>\n\t\t\t\t<\/div>\n\t\t","protected":false},"excerpt":{"rendered":"<p>\u041a\u043b\u0438\u0435\u043d\u0442\u044b \u041c\u043e\u0441\u0442\u0430 \u0411\u0438\u0437\u043d\u0435\u0441\u0430 \u0441\u043e\u0441\u0442\u043e\u044f\u043d\u0438\u0435\u043c \u043d\u0430 29.07.2025 \u0433. A4 COPY SP. C. ADEPT SP. Z O.O. KOMANDYTOWA ALBRET SP. Z O.O. ALEKSANDRA PERSONA LEKSA CONSULTING ALMA GLOBAL SP. Z O.O. ALMA MLT SP. Z O.O. ALTMED CLINIC SP. Z O. O. ANDROID OLEKSII HAVRYLIUK AROKS GROUP SP. Z O.O. ARTNOSE SP. Z O. O. BALTIC BITES [&hellip;]<\/p>\n","protected":false},"author":1,"featured_media":0,"parent":0,"menu_order":0,"comment_status":"closed","ping_status":"closed","template":"","meta":{"_acf_changed":false,"footnotes":""},"class_list":["post-1887","page","type-page","status-publish","hentry"],"acf":[],"rankMath":{"parentDomain":"most-biznesu.eu","noFollowDomains":[],"noFollowExcludeDomains":[],"noFollowExternalLinks":false,"featuredImageNotice":"\u041f\u043e\u043a\u0430\u0437\u0430\u043d\u043d\u043e\u0435 \u0438\u0437\u043e\u0431\u0440\u0430\u0436\u0435\u043d\u0438\u0435 \u0434\u043e\u043b\u0436\u043d\u043e \u0431\u044b\u0442\u044c \u0440\u0430\u0437\u043c\u0435\u0440\u043e\u043c \u043d\u0435 \u043c\u0435\u043d\u0435\u0435 200 \u043d\u0430 200 \u043f\u0438\u043a\u0441\u0435\u043b\u0435\u0439, \u0447\u0442\u043e\u0431\u044b \u0435\u0433\u043e \u043c\u043e\u0433\u043b\u0438 \u0443\u0432\u0438\u0434\u0435\u0442\u044c Facebook \u0438 \u0434\u0440\u0443\u0433\u0438\u0435 \u0441\u0430\u0439\u0442\u044b \u0441\u043e\u0446\u0438\u0430\u043b\u044c\u043d\u044b\u0445 \u0441\u0435\u0442\u0435\u0439.","pluginReviewed":false,"postSettings":{"linkSuggestions":true,"useFocusKeyword":false},"frontEndScore":false,"postName":"aktualnyj-spisok-klientov","permalinkFormat":"https:\/\/most-biznesu.eu\/ru\/%pagename%\/","showLockModifiedDate":true,"assessor":{"focusKeywordLink":"https:\/\/most-biznesu.eu\/wp-admin\/edit.php?focus_keyword=%focus_keyword%&post_type=%post_type%","hasTOCPlugin":{"essential-addons-for-elementor-lite\/essential_adons_elementor.php":"Essential Addons for Elementor"},"primaryTaxonomy":false,"serpData":{"title":"","description":"","focusKeywords":"","pillarContent":false,"canonicalUrl":"","breadcrumbTitle":"","advancedRobots":{"max-snippet":-1,"max-video-preview":-1,"max-image-preview":"large"},"facebookTitle":"","facebookDescription":"","facebookImage":"","facebookImageID":"","facebookHasOverlay":false,"facebookImageOverlay":"","facebookAuthor":"","twitterCardType":"","twitterUseFacebook":true,"twitterTitle":"","twitterDescription":"","twitterImage":"","twitterImageID":"","twitterHasOverlay":false,"twitterImageOverlay":"","twitterPlayerUrl":"","twitterPlayerSize":"","twitterPlayerStream":"","twitterPlayerStreamCtype":"","twitterAppDescription":"","twitterAppIphoneName":"","twitterAppIphoneID":"","twitterAppIphoneUrl":"","twitterAppIpadName":"","twitterAppIpadID":"","twitterAppIpadUrl":"","twitterAppGoogleplayName":"","twitterAppGoogleplayID":"","twitterAppGoogleplayUrl":"","twitterAppCountry":"","robots":{"index":true},"twitterAuthor":"\u0438\u043c\u044f \u043f\u043e\u043b\u044c\u0437\u043e\u0432\u0430\u0442\u0435\u043b\u044f","primaryTerm":0,"authorName":"admin-most","titleTemplate":"%title% %page% %sep% %sitename%","descriptionTemplate":"%excerpt%","showScoreFrontend":true,"lockModifiedDate":false},"powerWords":[],"diacritics":{"A":"[\\u0410\\u0430]","B":"[\\u0411\\u0431]","V":"[\\u0412\\u0432]","G":"[\\u0413\\u0433]","D":"[\\u0414\\u0434]","YE":"[\\u0415\\u0435]","YO":"[\\u0401\\u0451]","ZH":"[\\u0416\\u0436]","Z":"[\\u0417\\u0437]","EE":"[\\u0418\\u0438]","YI":"[\\u0419\\u0439]","K":"[\\u041A\\u043A]","L":"[\\u041B\\u043B]","M":"[\\u041C\\u043c]","P":"[\\u041F\\u043F]","T":"[\\u0422\\u0442]","U":"[\\u0423\\u0443]","F":"[\\u0424\\u0444]","H":"[\\u0425\\u0445]","TS":"[\\u0426\\u0446]","CH":"[\\u0427\\u0447]","SH":"[\\u0428\\u0448\\u0429\\u0449]","I":"[\\u042B\\u044B]","E":"[\\u042D\\u044D]","YU":"[\\u042E\\u044E]","YA":"[\\u042F\\u044F]","N":"[\\u041D\\u043D]"},"researchesTests":["contentHasTOC","contentHasShortParagraphs","contentHasAssets","keywordInTitle","keywordInMetaDescription","keywordInPermalink","keywordIn10Percent","keywordInContent","keywordInSubheadings","keywordInImageAlt","keywordDensity","keywordNotUsed","lengthContent","lengthPermalink","linksHasInternal","linksHasExternals","linksNotAllExternals","titleStartWithKeyword","titleSentiment","titleHasPowerWords","titleHasNumber","hasContentAI"],"hasRedirection":true,"hasBreadcrumb":true},"homeUrl":"https:\/\/most-biznesu.eu\/ru\/","objectID":1887,"objectType":"post","locale":"ru","localeFull":"ru_RU","overlayImages":{"play":{"name":"Play \u0438\u043a\u043e\u043d\u043a\u0430","url":"https:\/\/most-biznesu.eu\/wp-content\/plugins\/seo-by-rank-math\/assets\/admin\/img\/icon-play.png","path":"\/home\/freswpl\/most-biznesu.eu\/public_html\/wp-content\/plugins\/seo-by-rank-math\/assets\/admin\/img\/icon-play.png","position":"middle_center"},"gif":{"name":"GIF \u0438\u043a\u043e\u043d\u043a\u0430","url":"https:\/\/most-biznesu.eu\/wp-content\/plugins\/seo-by-rank-math\/assets\/admin\/img\/icon-gif.png","path":"\/home\/freswpl\/most-biznesu.eu\/public_html\/wp-content\/plugins\/seo-by-rank-math\/assets\/admin\/img\/icon-gif.png","position":"middle_center"}},"defautOgImage":"https:\/\/most-biznesu.eu\/wp-content\/uploads\/2025\/08\/Most-biznesu.png","customPermalinks":true,"isUserRegistered":true,"autoSuggestKeywords":true,"connectSiteUrl":"https:\/\/rankmath.com\/auth?site=https%3A%2F%2Fmost-biznesu.eu%2Fru%2F&r=https%3A%2F%2Fmost-biznesu.eu%2Fru%2Fwp-json%2Fwp%2Fv2%2Fpages%2F1887%3Fnonce%3D2acb901235","maxTags":5,"trendsIcon":"<svg viewBox=\"0 0 610 610\"><path d=\"M18.85,446,174.32,290.48l58.08,58.08L76.93,504a14.54,14.54,0,0,1-20.55,0L18.83,466.48a14.54,14.54,0,0,1,0-20.55Z\" style=\"fill:#4285f4\"\/><path d=\"M242.65,242.66,377.59,377.6l-47.75,47.75a14.54,14.54,0,0,1-20.55,0L174.37,290.43l47.75-47.75A14.52,14.52,0,0,1,242.65,242.66Z\" style=\"fill:#ea4335\"\/><polygon points=\"319.53 319.53 479.26 159.8 537.34 217.88 377.61 377.62 319.53 319.53\" style=\"fill:#fabb05\"\/><path d=\"M594.26,262.73V118.61h0a16.94,16.94,0,0,0-16.94-16.94H433.2a16.94,16.94,0,0,0-12,28.92L565.34,274.71h0a16.94,16.94,0,0,0,28.92-12Z\" style=\"fill:#34a853\"\/><rect width=\"610\" height=\"610\" style=\"fill:none\"\/><\/svg>","showScore":true,"siteFavIcon":"https:\/\/most-biznesu.eu\/wp-content\/uploads\/2022\/07\/icon.png","canUser":{"general":false,"advanced":false,"snippet":false,"social":false,"analysis":false,"analytics":false,"content_ai":false},"showKeywordIntent":true,"isPro":false,"is_front_page":false,"trendsUpgradeLink":"https:\/\/rankmath.com\/pricing\/?utm_source=Plugin&utm_medium=CE%20General%20Tab%20Trends&utm_campaign=WP","trendsUpgradeLabel":"\u0410\u043f\u0433\u0440\u0435\u0439\u0434","trendsPreviewImage":"https:\/\/most-biznesu.eu\/wp-content\/plugins\/seo-by-rank-math\/assets\/admin\/img\/trends-preview.jpg","currentEditor":false,"homepageData":{"assessor":{"powerWords":[],"diacritics":true,"researchesTests":["contentHasTOC","contentHasShortParagraphs","contentHasAssets","keywordInTitle","keywordInMetaDescription","keywordInPermalink","keywordIn10Percent","keywordInContent","keywordInSubheadings","keywordInImageAlt","keywordDensity","keywordNotUsed","lengthContent","lengthPermalink","linksHasInternal","linksHasExternals","linksNotAllExternals","titleStartWithKeyword","titleSentiment","titleHasPowerWords","titleHasNumber","hasContentAI"],"hasBreadcrumb":true,"serpData":{"title":"%sitename% %page% %sep% %sitedesc%","description":"","titleTemplate":"%sitename% %page% %sep% %sitedesc%","descriptionTemplate":"","focusKeywords":"","breadcrumbTitle":"Strona g\u0142\u00f3wna","robots":{"index":true},"advancedRobots":{"max-snippet":-1,"max-video-preview":-1,"max-image-preview":"large"},"facebookTitle":"","facebookDescription":"","facebookImage":"","facebookImageID":""}}},"tocTitle":"Table of Contents","tocExcludeHeadings":[],"listStyle":"ul"},"_links":{"self":[{"href":"https:\/\/most-biznesu.eu\/ru\/wp-json\/wp\/v2\/pages\/1887","targetHints":{"allow":["GET"]}}],"collection":[{"href":"https:\/\/most-biznesu.eu\/ru\/wp-json\/wp\/v2\/pages"}],"about":[{"href":"https:\/\/most-biznesu.eu\/ru\/wp-json\/wp\/v2\/types\/page"}],"author":[{"embeddable":true,"href":"https:\/\/most-biznesu.eu\/ru\/wp-json\/wp\/v2\/users\/1"}],"replies":[{"embeddable":true,"href":"https:\/\/most-biznesu.eu\/ru\/wp-json\/wp\/v2\/comments?post=1887"}],"version-history":[{"count":10,"href":"https:\/\/most-biznesu.eu\/ru\/wp-json\/wp\/v2\/pages\/1887\/revisions"}],"predecessor-version":[{"id":4604,"href":"https:\/\/most-biznesu.eu\/ru\/wp-json\/wp\/v2\/pages\/1887\/revisions\/4604"}],"wp:attachment":[{"href":"https:\/\/most-biznesu.eu\/ru\/wp-json\/wp\/v2\/media?parent=1887"}],"curies":[{"name":"wp","href":"https:\/\/api.w.org\/{rel}","templated":true}]}}